{"id":611,"date":"2024-07-22T09:35:57","date_gmt":"2024-07-22T07:35:57","guid":{"rendered":"https:\/\/craa.fr\/?page_id=611"},"modified":"2024-07-22T09:37:34","modified_gmt":"2024-07-22T07:37:34","slug":"larcheologie-quesako","status":"publish","type":"page","link":"https:\/\/craa.fr\/index.php\/larcheologie-quesako\/","title":{"rendered":"L&rsquo;arch\u00e9ologie : Qu\u00e9sako ?"},"content":{"rendered":"\n\n\n<p class=\"is-layout-flow wp-block-column-is-layout-flow is-layout-flex wp-container-core-columns-is-layout-9d6595d7 wp-block-columns-is-layout-flex\">Bienvenue sur cette page d\u00e9di\u00e9e enti\u00e8rement \u00e0 l&rsquo;arch\u00e9ologie, une discipline fascinante qui explore les vestiges du pass\u00e9 pour comprendre les civilisations anciennes. Ici, vous trouverez une multitude d&rsquo;articles couvrant divers aspects de l&rsquo;arch\u00e9ologie, allant des m\u00e9thodes de fouilles aux d\u00e9couvertes r\u00e9centes en passant par les th\u00e9ories sur l&rsquo;\u00e9volution des soci\u00e9t\u00e9s humaines. Que vous soyez un passionn\u00e9 d&rsquo;histoire, un \u00e9tudiant en arch\u00e9ologie ou simplement curieux, cette page est con\u00e7ue pour vous offrir des informations approfondies et captivantes sur cette science qui \u00e9claire notre compr\u00e9hension du pass\u00e9.<\/p>\n\n\n\n\n<p><\/p>\n\n\n<p><\/p>\n","protected":false},"excerpt":{"rendered":"<p>Bienvenue sur cette page d\u00e9di\u00e9e enti\u00e8rement \u00e0 l&rsquo;arch\u00e9ologie, une discipline fascinante qui explore les vestiges du pass\u00e9 pour comprendre les civilisations anciennes. Ici, vous trouverez une multitude d&rsquo;articles couvrant divers aspects de l&rsquo;arch\u00e9ologie, allant des m\u00e9thodes de fouilles aux d\u00e9couvertes r\u00e9centes en passant par les th\u00e9ories sur l&rsquo;\u00e9volution des soci\u00e9t\u00e9s [&hellip;]<\/p>\n","protected":false},"author":2,"featured_media":0,"parent":0,"menu_order":0,"comment_status":"closed","ping_status":"closed","template":"","meta":{"footnotes":""},"class_list":["post-611","page","type-page","status-publish","hentry"],"_links":{"self":[{"href":"https:\/\/craa.fr\/index.php\/wp-json\/wp\/v2\/pages\/611","targetHints":{"allow":["GET"]}}],"collection":[{"href":"https:\/\/craa.fr\/index.php\/wp-json\/wp\/v2\/pages"}],"about":[{"href":"https:\/\/craa.fr\/index.php\/wp-json\/wp\/v2\/types\/page"}],"author":[{"embeddable":true,"href":"https:\/\/craa.fr\/index.php\/wp-json\/wp\/v2\/users\/2"}],"replies":[{"embeddable":true,"href":"https:\/\/craa.fr\/index.php\/wp-json\/wp\/v2\/comments?post=611"}],"version-history":[{"count":8,"href":"https:\/\/craa.fr\/index.php\/wp-json\/wp\/v2\/pages\/611\/revisions"}],"predecessor-version":[{"id":629,"href":"https:\/\/craa.fr\/index.php\/wp-json\/wp\/v2\/pages\/611\/revisions\/629"}],"wp:attachment":[{"href":"https:\/\/craa.fr\/index.php\/wp-json\/wp\/v2\/media?parent=611"}],"curies":[{"name":"wp","href":"https:\/\/api.w.org\/{rel}","templated":true}]}}