{"id":84,"date":"2024-03-29T19:51:40","date_gmt":"2024-03-29T18:51:40","guid":{"rendered":"https:\/\/craa.fr\/?page_id=84"},"modified":"2024-03-29T20:00:20","modified_gmt":"2024-03-29T19:00:20","slug":"lequipe","status":"publish","type":"page","link":"https:\/\/craa.fr\/index.php\/lequipe\/","title":{"rendered":"L&rsquo;\u00c9QUIPE"},"content":{"rendered":"\n<div class=\"wp-block-columns is-layout-flex wp-container-core-columns-is-layout-9d6595d7 wp-block-columns-is-layout-flex\">\n<div class=\"wp-block-column is-layout-flow wp-block-column-is-layout-flow\" style=\"flex-basis:100%\">\n<div class=\"wp-block-columns is-layout-flex wp-container-core-columns-is-layout-9d6595d7 wp-block-columns-is-layout-flex\">\n<div class=\"wp-block-column is-layout-flow wp-block-column-is-layout-flow\">\n<figure class=\"wp-block-image size-full is-resized\"><img fetchpriority=\"high\" decoding=\"async\" width=\"450\" height=\"450\" src=\"https:\/\/mlyskafgztmd.i.optimole.com\/w:auto\/h:auto\/q:mauto\/ig:avif\/https:\/\/craa.fr\/wp-content\/uploads\/2024\/03\/2259999-2-edited.webp\" alt=\"\" class=\"wp-image-100\" style=\"width:284px;height:auto\" srcset=\"https:\/\/mlyskafgztmd.i.optimole.com\/w:auto\/h:auto\/q:mauto\/ig:avif\/https:\/\/craa.fr\/wp-content\/uploads\/2024\/03\/2259999-2-edited.webp 450w, https:\/\/mlyskafgztmd.i.optimole.com\/w:300\/h:300\/q:mauto\/ig:avif\/https:\/\/craa.fr\/wp-content\/uploads\/2024\/03\/2259999-2-edited.webp 300w, https:\/\/mlyskafgztmd.i.optimole.com\/w:150\/h:150\/q:mauto\/rt:fill\/g:ce\/ig:avif\/https:\/\/craa.fr\/wp-content\/uploads\/2024\/03\/2259999-2-edited.webp 150w\" sizes=\"(max-width: 450px) 100vw, 450px\" \/><\/figure>\n\n\n\n<p><strong>                REGINATO Alain<\/strong><\/p>\n\n\n\n<p>              Pr\u00e9sident d&rsquo;Honneur<\/p>\n<\/div>\n\n\n\n<div class=\"wp-block-column is-layout-flow wp-block-column-is-layout-flow\">\n<figure class=\"wp-block-image size-full is-resized\"><img fetchpriority=\"high\" decoding=\"async\" width=\"451\" height=\"450\" src=\"https:\/\/mlyskafgztmd.i.optimole.com\/w:auto\/h:auto\/q:mauto\/ig:avif\/https:\/\/craa.fr\/wp-content\/uploads\/2024\/03\/1517065524573-3.jpeg\" alt=\"\" class=\"wp-image-102\" style=\"width:284px;height:auto\" srcset=\"https:\/\/mlyskafgztmd.i.optimole.com\/w:auto\/h:auto\/q:mauto\/ig:avif\/https:\/\/craa.fr\/wp-content\/uploads\/2024\/03\/1517065524573-3.jpeg 451w, https:\/\/mlyskafgztmd.i.optimole.com\/w:300\/h:300\/q:mauto\/ig:avif\/https:\/\/craa.fr\/wp-content\/uploads\/2024\/03\/1517065524573-3.jpeg 300w, https:\/\/mlyskafgztmd.i.optimole.com\/w:150\/h:150\/q:mauto\/rt:fill\/g:ce\/ig:avif\/https:\/\/craa.fr\/wp-content\/uploads\/2024\/03\/1517065524573-3.jpeg 150w\" sizes=\"(max-width: 451px) 100vw, 451px\" \/><\/figure>\n\n\n\n<p><strong>                      MIGEON G\u00e9rald<\/strong><\/p>\n\n\n\n<p>                          Secr\u00e9taire<\/p>\n<\/div>\n\n\n\n<div class=\"wp-block-column is-layout-flow wp-block-column-is-layout-flow\">\n<figure class=\"wp-block-image size-full is-resized\"><img data-opt-src=\"https:\/\/mlyskafgztmd.i.optimole.com\/w:auto\/h:auto\/q:mauto\/ig:avif\/https:\/\/craa.fr\/wp-content\/uploads\/2024\/03\/tonneinsetconfluent-bfe7d6adc6d5438ab14f20a4d4e24ccc-165008-ph0-edited-1.jpg\"  decoding=\"async\" width=\"167\" height=\"167\" src=\"data:image/svg+xml,%3Csvg%20viewBox%3D%220%200%20100%%20100%%22%20width%3D%22100%%22%20height%3D%22100%%22%20xmlns%3D%22http%3A%2F%2Fwww.w3.org%2F2000%2Fsvg%22%3E%3Crect%20width%3D%22100%%22%20height%3D%22100%%22%20fill%3D%22transparent%22%2F%3E%3C%2Fsvg%3E\" alt=\"\" class=\"wp-image-109\" style=\"width:283px;height:auto\" old-srcset=\"https:\/\/mlyskafgztmd.i.optimole.com\/w:auto\/h:auto\/q:mauto\/ig:avif\/https:\/\/craa.fr\/wp-content\/uploads\/2024\/03\/tonneinsetconfluent-bfe7d6adc6d5438ab14f20a4d4e24ccc-165008-ph0-edited-1.jpg 167w, https:\/\/mlyskafgztmd.i.optimole.com\/w:150\/h:150\/q:mauto\/rt:fill\/g:ce\/ig:avif\/https:\/\/craa.fr\/wp-content\/uploads\/2024\/03\/tonneinsetconfluent-bfe7d6adc6d5438ab14f20a4d4e24ccc-165008-ph0-edited-1.jpg 150w\" \/><\/figure>\n\n\n\n<p><strong>                WERHUNG Herv\u00e9<\/strong><\/p>\n\n\n\n<p>                         Tr\u00e9sorier<\/p>\n<\/div>\n<\/div>\n\n\n\n<div class=\"wp-block-columns is-layout-flex wp-container-core-columns-is-layout-9d6595d7 wp-block-columns-is-layout-flex\">\n<div class=\"wp-block-column is-layout-flow wp-block-column-is-layout-flow\">\n<figure class=\"wp-block-image size-large is-resized\"><img data-opt-src=\"https:\/\/mlyskafgztmd.i.optimole.com\/w:1024\/h:1024\/q:mauto\/ig:avif\/https:\/\/craa.fr\/wp-content\/uploads\/2024\/03\/MariagedeJohannaetEmeric-83-3-edited.jpg\"  decoding=\"async\" width=\"1024\" height=\"1024\" src=\"data:image/svg+xml,%3Csvg%20viewBox%3D%220%200%201024%201024%22%20width%3D%221024%22%20height%3D%221024%22%20xmlns%3D%22http%3A%2F%2Fwww.w3.org%2F2000%2Fsvg%22%3E%3Crect%20width%3D%221024%22%20height%3D%221024%22%20fill%3D%22transparent%22%2F%3E%3C%2Fsvg%3E\" alt=\"\" class=\"wp-image-98\" style=\"width:285px;height:auto\" old-srcset=\"https:\/\/mlyskafgztmd.i.optimole.com\/w:1024\/h:1024\/q:mauto\/ig:avif\/https:\/\/craa.fr\/wp-content\/uploads\/2024\/03\/MariagedeJohannaetEmeric-83-3-edited.jpg 1024w, https:\/\/mlyskafgztmd.i.optimole.com\/w:300\/h:300\/q:mauto\/ig:avif\/https:\/\/craa.fr\/wp-content\/uploads\/2024\/03\/MariagedeJohannaetEmeric-83-3-edited.jpg 300w, https:\/\/mlyskafgztmd.i.optimole.com\/w:150\/h:150\/q:mauto\/rt:fill\/g:ce\/ig:avif\/https:\/\/craa.fr\/wp-content\/uploads\/2024\/03\/MariagedeJohannaetEmeric-83-3-edited.jpg 150w, https:\/\/mlyskafgztmd.i.optimole.com\/w:768\/h:768\/q:mauto\/ig:avif\/https:\/\/craa.fr\/wp-content\/uploads\/2024\/03\/MariagedeJohannaetEmeric-83-3-edited.jpg 768w, https:\/\/mlyskafgztmd.i.optimole.com\/w:1080\/h:1080\/q:mauto\/ig:avif\/https:\/\/craa.fr\/wp-content\/uploads\/2024\/03\/MariagedeJohannaetEmeric-83-3-edited.jpg 1536w, https:\/\/mlyskafgztmd.i.optimole.com\/w:auto\/h:auto\/q:mauto\/ig:avif\/https:\/\/craa.fr\/wp-content\/uploads\/2024\/03\/MariagedeJohannaetEmeric-83-3-edited.jpg 1600w\" \/><\/figure>\n\n\n\n<p class=\"has-text-align-left\"><strong>           FROMENTEAUX Didier   <\/strong><\/p>\n\n\n\n<p>                   Membre Actif <\/p>\n\n\n\n<p class=\"has-text-align-center\">                                                                                                 <\/p>\n<\/div>\n\n\n\n<div class=\"wp-block-column is-layout-flow wp-block-column-is-layout-flow\">\n<figure class=\"wp-block-image size-large is-resized\"><img data-opt-src=\"https:\/\/mlyskafgztmd.i.optimole.com\/w:auto\/h:auto\/q:mauto\/ig:avif\/https:\/\/craa.fr\/wp-content\/uploads\/2024\/03\/VYZR4404-edited-scaled.jpg\"  decoding=\"async\" width=\"2560\" height=\"2560\" src=\"data:image/svg+xml,%3Csvg%20viewBox%3D%220%200%20100%%20100%%22%20width%3D%22100%%22%20height%3D%22100%%22%20xmlns%3D%22http%3A%2F%2Fwww.w3.org%2F2000%2Fsvg%22%3E%3Crect%20width%3D%22100%%22%20height%3D%22100%%22%20fill%3D%22transparent%22%2F%3E%3C%2Fsvg%3E\" alt=\"\" class=\"wp-image-106\" style=\"width:289px;height:auto\" old-srcset=\"https:\/\/mlyskafgztmd.i.optimole.com\/w:auto\/h:auto\/q:mauto\/ig:avif\/https:\/\/craa.fr\/wp-content\/uploads\/2024\/03\/VYZR4404-edited-scaled.jpg 2560w, https:\/\/mlyskafgztmd.i.optimole.com\/w:300\/h:300\/q:mauto\/ig:avif\/https:\/\/craa.fr\/wp-content\/uploads\/2024\/03\/VYZR4404-edited.jpg 300w, https:\/\/mlyskafgztmd.i.optimole.com\/w:1024\/h:1024\/q:mauto\/ig:avif\/https:\/\/craa.fr\/wp-content\/uploads\/2024\/03\/VYZR4404-edited.jpg 1024w, https:\/\/mlyskafgztmd.i.optimole.com\/w:150\/h:150\/q:mauto\/rt:fill\/g:ce\/ig:avif\/https:\/\/craa.fr\/wp-content\/uploads\/2024\/03\/VYZR4404-edited.jpg 150w, https:\/\/mlyskafgztmd.i.optimole.com\/w:768\/h:768\/q:mauto\/ig:avif\/https:\/\/craa.fr\/wp-content\/uploads\/2024\/03\/VYZR4404-edited.jpg 768w, https:\/\/mlyskafgztmd.i.optimole.com\/w:1080\/h:1080\/q:mauto\/ig:avif\/https:\/\/craa.fr\/wp-content\/uploads\/2024\/03\/VYZR4404-edited.jpg 1536w, https:\/\/mlyskafgztmd.i.optimole.com\/w:1080\/h:1080\/q:mauto\/ig:avif\/https:\/\/craa.fr\/wp-content\/uploads\/2024\/03\/VYZR4404-edited.jpg 2048w\" \/><\/figure>\n\n\n\n<div class=\"wp-block-columns is-layout-flex wp-container-core-columns-is-layout-9d6595d7 wp-block-columns-is-layout-flex\">\n<div class=\"wp-block-column is-layout-flow wp-block-column-is-layout-flow\">\n<p><strong>  GOUBET FROMENTEAUX Johanna<\/strong><\/p>\n\n\n\n<p>M\u00e9diatrice &amp; Charg\u00e9e de communication<\/p>\n<\/div>\n<\/div>\n<\/div>\n\n\n\n<div class=\"wp-block-column is-layout-flow wp-block-column-is-layout-flow\">\n<figure class=\"wp-block-image size-full is-resized\"><img data-opt-src=\"https:\/\/mlyskafgztmd.i.optimole.com\/w:auto\/h:auto\/q:mauto\/ig:avif\/https:\/\/craa.fr\/wp-content\/uploads\/2024\/03\/seancecoupleJEaPerouges-82-edited.jpg\"  decoding=\"async\" width=\"982\" height=\"982\" src=\"data:image/svg+xml,%3Csvg%20viewBox%3D%220%200%20100%%20100%%22%20width%3D%22100%%22%20height%3D%22100%%22%20xmlns%3D%22http%3A%2F%2Fwww.w3.org%2F2000%2Fsvg%22%3E%3Crect%20width%3D%22100%%22%20height%3D%22100%%22%20fill%3D%22transparent%22%2F%3E%3C%2Fsvg%3E\" alt=\"\" class=\"wp-image-104\" style=\"width:286px;height:auto\" old-srcset=\"https:\/\/mlyskafgztmd.i.optimole.com\/w:auto\/h:auto\/q:mauto\/ig:avif\/https:\/\/craa.fr\/wp-content\/uploads\/2024\/03\/seancecoupleJEaPerouges-82-edited.jpg 982w, https:\/\/mlyskafgztmd.i.optimole.com\/w:300\/h:300\/q:mauto\/ig:avif\/https:\/\/craa.fr\/wp-content\/uploads\/2024\/03\/seancecoupleJEaPerouges-82-edited.jpg 300w, https:\/\/mlyskafgztmd.i.optimole.com\/w:150\/h:150\/q:mauto\/rt:fill\/g:ce\/ig:avif\/https:\/\/craa.fr\/wp-content\/uploads\/2024\/03\/seancecoupleJEaPerouges-82-edited.jpg 150w, https:\/\/mlyskafgztmd.i.optimole.com\/w:768\/h:768\/q:mauto\/ig:avif\/https:\/\/craa.fr\/wp-content\/uploads\/2024\/03\/seancecoupleJEaPerouges-82-edited.jpg 768w\" \/><\/figure>\n\n\n\n<p><strong>     GOUBET FROMENTEAUX Emeric<\/strong><\/p>\n\n\n\n<p>                    D\u00e9veloppeur Web<\/p>\n<\/div>\n<\/div>\n<\/div>\n\n\n\n<div class=\"wp-block-column is-layout-flow wp-block-column-is-layout-flow\"><\/div>\n<\/div>\n","protected":false},"excerpt":{"rendered":"<p>REGINATO Alain Pr\u00e9sident d&rsquo;Honneur MIGEON G\u00e9rald Secr\u00e9taire WERHUNG Herv\u00e9 Tr\u00e9sorier FROMENTEAUX Didier Membre Actif GOUBET FROMENTEAUX Johanna M\u00e9diatrice &amp; Charg\u00e9e de communication GOUBET FROMENTEAUX Emeric D\u00e9veloppeur Web<\/p>\n","protected":false},"author":2,"featured_media":0,"parent":0,"menu_order":0,"comment_status":"closed","ping_status":"closed","template":"","meta":{"footnotes":""},"class_list":["post-84","page","type-page","status-publish","hentry"],"_links":{"self":[{"href":"https:\/\/craa.fr\/index.php\/wp-json\/wp\/v2\/pages\/84","targetHints":{"allow":["GET"]}}],"collection":[{"href":"https:\/\/craa.fr\/index.php\/wp-json\/wp\/v2\/pages"}],"about":[{"href":"https:\/\/craa.fr\/index.php\/wp-json\/wp\/v2\/types\/page"}],"author":[{"embeddable":true,"href":"https:\/\/craa.fr\/index.php\/wp-json\/wp\/v2\/users\/2"}],"replies":[{"embeddable":true,"href":"https:\/\/craa.fr\/index.php\/wp-json\/wp\/v2\/comments?post=84"}],"version-history":[{"count":2,"href":"https:\/\/craa.fr\/index.php\/wp-json\/wp\/v2\/pages\/84\/revisions"}],"predecessor-version":[{"id":121,"href":"https:\/\/craa.fr\/index.php\/wp-json\/wp\/v2\/pages\/84\/revisions\/121"}],"wp:attachment":[{"href":"https:\/\/craa.fr\/index.php\/wp-json\/wp\/v2\/media?parent=84"}],"curies":[{"name":"wp","href":"https:\/\/api.w.org\/{rel}","templated":true}]}}